{"id":1021,"date":"2015-03-19T15:13:56","date_gmt":"2015-03-19T15:13:56","guid":{"rendered":"http:\/\/cusbor.com\/fr\/calidad\/"},"modified":"2025-10-06T09:38:36","modified_gmt":"2025-10-06T09:38:36","slug":"qualite","status":"publish","type":"page","link":"https:\/\/cusbor.com\/fr\/qualite\/","title":{"rendered":"QUALIT\u00c9"},"content":{"rendered":"<p>En 2013 <strong>CUSBOR S.L.<\/strong> a obtenu la certification de son syst\u00e8me de management de la qualit\u00e9 selon la norme <strong>UNE EN ISO 9001<\/strong>. L&rsquo;obtention de cette certification est la reconnaissance du travail r\u00e9alis\u00e9 par <strong>CUSBOR, S.L.<\/strong> pendant les derni\u00e8res ann\u00e9es, afin de satisfaire pleinement le client avec une grande qualit\u00e9 dans notre gamme de produits; et tout en mettant particuli\u00e8rement l&rsquo;accent sur la maturit\u00e9 de notre syst\u00e8me et l&rsquo;approche \u00e0 l&rsquo;am\u00e9lioration de tous nos proc\u00e9d\u00e9s: cr\u00e9ation, achats, production et ventes.<\/p>\n","protected":false},"excerpt":{"rendered":"<p>En 2013 CUSBOR S.L. a obtenu la certification de son syst\u00e8me de management de la qualit\u00e9 selon la norme UNE EN ISO 9001. L&rsquo;obtention de cette certification est la reconnaissance du travail r\u00e9alis\u00e9 par CUSBOR, S.L. pendant les derni\u00e8res ann\u00e9es, afin de satisfaire pleinement le client avec une grande qualit\u00e9 dans notre gamme de produits; et tout en mettant particuli\u00e8rement l&rsquo;accent sur la maturit\u00e9 de notre syst\u00e8me et l&rsquo;approche \u00e0 l&rsquo;am\u00e9lioration de tous nos proc\u00e9d\u00e9s: cr\u00e9ation, achats, production et ventes.<\/p>\n","protected":false},"author":1,"featured_media":0,"parent":0,"menu_order":0,"comment_status":"open","ping_status":"open","template":"","meta":{"_acf_changed":false,"footnotes":""},"class_list":["post-1021","page","type-page","status-publish","hentry"],"acf":[],"aioseo_notices":[],"_links":{"self":[{"href":"https:\/\/cusbor.com\/fr\/wp-json\/wp\/v2\/pages\/1021","targetHints":{"allow":["GET"]}}],"collection":[{"href":"https:\/\/cusbor.com\/fr\/wp-json\/wp\/v2\/pages"}],"about":[{"href":"https:\/\/cusbor.com\/fr\/wp-json\/wp\/v2\/types\/page"}],"author":[{"embeddable":true,"href":"https:\/\/cusbor.com\/fr\/wp-json\/wp\/v2\/users\/1"}],"replies":[{"embeddable":true,"href":"https:\/\/cusbor.com\/fr\/wp-json\/wp\/v2\/comments?post=1021"}],"version-history":[{"count":13,"href":"https:\/\/cusbor.com\/fr\/wp-json\/wp\/v2\/pages\/1021\/revisions"}],"predecessor-version":[{"id":4198,"href":"https:\/\/cusbor.com\/fr\/wp-json\/wp\/v2\/pages\/1021\/revisions\/4198"}],"wp:attachment":[{"href":"https:\/\/cusbor.com\/fr\/wp-json\/wp\/v2\/media?parent=1021"}],"curies":[{"name":"wp","href":"https:\/\/api.w.org\/{rel}","templated":true}]}}