{"id":1023,"date":"2015-03-13T14:21:46","date_gmt":"2015-03-13T14:21:46","guid":{"rendered":"http:\/\/cusbor.com\/fr\/politica-de-cookies\/"},"modified":"2015-03-13T14:21:46","modified_gmt":"2015-03-13T14:21:46","slug":"politica-de-cookies","status":"publish","type":"page","link":"https:\/\/cusbor.com\/fr\/politica-de-cookies\/","title":{"rendered":"Pol\u00edtica de cookies"},"content":{"rendered":"<div>\n<div>\n<h3 class=\"titolcolor\">Definici\u00f3n y funci\u00f3n de las galletas<\/h3>\n<p>\u00bfQu\u00e9 son las galletas? Una galleta es un fichero que se descarga en su ordenador al acceder a determinadas p\u00e1ginas web. Las galletas permiten a una p\u00e1gina web, entre otras cosas, almacenar y recuperar informaci\u00f3n sobre los h\u00e1bitos de navegaci\u00f3n de un usuario o de su equipo y, dependiendo de la informaci\u00f3n que contengan y de la forma en que utilice su equipo, pueden utilizarse para reconocer al usuario.<\/p>\n<h3 class=\"titolcolor\">\u00bfQu\u00e9 tipos de galletas utiliza esta p\u00e1gina web?<\/h3>\n<ul>\n<li><strong>Galletas propias<\/strong>: Son aqu\u00e9llas que se env\u00edan al equipo terminal del usuario desde un equipo o dominio gestionado por l propio editor y desde el que se presta el servicio solicitado por el usuario. Se utiliza: Cookieaccept<\/li>\n<li><strong>Galletas de tercero<\/strong>: Son aqu\u00e9llas que se env\u00edan al equipo terminal del usuario desde un equipo o dominio que no es gestionado por el editor,sino por otra entidad que trata los datos obtenidos trav\u00e9s de las galletas. Se utiliza __utmz<\/li>\n<li><strong>Galletas de sesi\u00f3n<\/strong>: Son un tipo de galletas dise\u00f1adas para recabar y almacenar datos mientras el usuario accede a una p\u00e1gina web. Se utiliza: SPro_ssid, Aspsessionidacdcbbdr, Phpsessid<\/li>\n<\/ul>\n<p>Asimismo es posible que al visitar alguna p\u00e1gina web o al abrir alg\u00fan email donde se publique alg\u00fan anuncio o alguna promoci\u00f3n sobre nuestros productos o servicios se instale en tu navegador alguna galleta que nos sirve para mostrarte posteriormente publicidad relacionada con la b\u00fasqueda que hayas realizado, desarrollar un control de nuestros anuncios en relaci\u00f3n, por ejemplo, con el n\u00famero de veces que son vistos, donde aparecen, a qu\u00e9 hora se ven, etc.<\/p>\n<h3 class=\"titolcolor\">Revocaci\u00f3n y eliminaci\u00f3n de galletas<\/h3>\n<p>Usted puede permitir, bloquear o eliminar las galletas instaladas en su equipo mediante la configuraci\u00f3n de las opciones del navegador instalado en su ordenador, en caso que no permita la instalaci\u00f3n de galletas en su navegador es posible que no pueda acceder a alguna de las secciones de nuestra web. Para m\u00e1s informaci\u00f3n sobre como bloquear el uso de la galletas puedes hacerlo a trav\u00e9s del Navegador.<\/p>\n<ul>\n<li>Internet Explorer:\u00a0<a href=\"http:\/\/windows.microsoft.com\/es-ES\/windows-vista\/Block-or-allow-cookies\">http:\/\/windows.microsoft.com\/es-ES\/windows-vista\/Block-or-allow-cookies<\/a><\/li>\n<li>Firefox:\u00a0<a href=\"http:\/\/support.mozilla.org\/es\/kb\/habilitar-y-deshabilitar-cookies-que-los-sitios-we\">http:\/\/support.mozilla.org\/es\/kb\/habilitar-y-deshabilitar-cookies-que-los-sitios-we<\/a><\/li>\n<li>Safari:\u00a0<a href=\"http:\/\/support.apple.com\/kb\/HT1677?viewlocale=es_ES\">http:\/\/support.apple.com\/kb\/HT1677?viewlocale=es_ES<\/a><\/li>\n<li>Google Chrome:\u00a0<a href=\"https:\/\/support.google.com\/chrome\/answer\/95647?hl=es\">https:\/\/support.google.com\/chrome\/answer\/95647?hl=es<\/a><\/li>\n<\/ul>\n<h3 class=\"titolcolor\">Terceros prestadores de servicios<\/h3>\n<p>En concreto los terceros prestadores de servicios con los que hemos contratado alg\u00fan servicio para el que es necesaria la utilizaci\u00f3n de galletas son:<\/p>\n<ul>\n<li>Google Analytics: (i) hacer un seguimiento de su uso del sitio web, (ii) hacer informes sobre la actividad del sitio web, (iii) prestar otros servicios relacionados con la actividad del sitio web y el uso de Internet<br \/>\nhttp:\/\/www.google.com\/analytics\/<\/li>\n<\/ul>\n<\/div>\n<\/div>\n","protected":false},"excerpt":{"rendered":"<p>Definici\u00f3n y funci\u00f3n de las galletas \u00bfQu\u00e9 son las galletas? Una galleta es un fichero que se descarga en su ordenador al acceder a determinadas p\u00e1ginas web. Las galletas permiten a una p\u00e1gina web, entre otras cosas, almacenar y recuperar informaci\u00f3n sobre los h\u00e1bitos de navegaci\u00f3n de un usuario o de su equipo y, dependiendo de la informaci\u00f3n que contengan y de la forma en que utilice su equipo, pueden utilizarse para reconocer al usuario. \u00bfQu\u00e9 tipos de galletas utiliza esta p\u00e1gina web? Galletas propias: Son aqu\u00e9llas que se env\u00edan al equipo terminal del usuario desde un equipo o dominio gestionado por l propio editor y desde el que se &hellip; <a href=\"https:\/\/cusbor.com\/fr\/politica-de-cookies\/\" class=\"more-link\">Continuer la lecture de <span class=\"screen-reader-text\">Pol\u00edtica de cookies<\/span>  <span class=\"meta-nav\">&rarr;<\/span><\/a><\/p>\n","protected":false},"author":1,"featured_media":0,"parent":0,"menu_order":0,"comment_status":"closed","ping_status":"open","template":"page.php","meta":{"_acf_changed":false,"footnotes":""},"class_list":["post-1023","page","type-page","status-publish","hentry"],"acf":[],"aioseo_notices":[],"_links":{"self":[{"href":"https:\/\/cusbor.com\/fr\/wp-json\/wp\/v2\/pages\/1023","targetHints":{"allow":["GET"]}}],"collection":[{"href":"https:\/\/cusbor.com\/fr\/wp-json\/wp\/v2\/pages"}],"about":[{"href":"https:\/\/cusbor.com\/fr\/wp-json\/wp\/v2\/types\/page"}],"author":[{"embeddable":true,"href":"https:\/\/cusbor.com\/fr\/wp-json\/wp\/v2\/users\/1"}],"replies":[{"embeddable":true,"href":"https:\/\/cusbor.com\/fr\/wp-json\/wp\/v2\/comments?post=1023"}],"version-history":[{"count":0,"href":"https:\/\/cusbor.com\/fr\/wp-json\/wp\/v2\/pages\/1023\/revisions"}],"wp:attachment":[{"href":"https:\/\/cusbor.com\/fr\/wp-json\/wp\/v2\/media?parent=1023"}],"curies":[{"name":"wp","href":"https:\/\/api.w.org\/{rel}","templated":true}]}}