{"id":1025,"date":"2015-03-13T09:32:50","date_gmt":"2015-03-13T09:32:50","guid":{"rendered":"http:\/\/cusbor.com\/fr\/empresa\/"},"modified":"2025-10-09T13:11:21","modified_gmt":"2025-10-09T13:11:21","slug":"empresa","status":"publish","type":"page","link":"https:\/\/cusbor.com\/fr\/empresa\/","title":{"rendered":"LA SOCI\u00c9T\u00c9"},"content":{"rendered":"<p>&nbsp;<\/p>\n<p>Le professionnalisme de nos proc\u00e9d\u00e9s de production et la qualit\u00e9 des articles que nous vous proposons sont les bases qui diff\u00e9rencient CUSBOR dans le domaine des fils \u00e0 coudre techniques \u00e0 usage industriel.<\/p>\n<p>Avec notre si\u00e8ge social \u00e0 Canovelles (Barcelone), et avec une grande projection internationale, CUSBOR a une longue exp\u00e9rience dans la fabrication et la commercialisation d&rsquo;une large gamme de produits dans plus de 80 pays.<\/p>\n<p>La solidit\u00e9 atteinte est le r\u00e9sultat de plus de deux d\u00e9cennies d&rsquo;exp\u00e9rience, et nous sommes une entreprise de r\u00e9f\u00e9rence dans notre secteur industriel. Nous avons une technologie de pointe et une exp\u00e9rience \u00e9prouv\u00e9e qui nous permet de pr\u00e9senter des fils \u00e0 coudre de haute qualit\u00e9 qui correspondent aux besoins de nos clients en rapidit\u00e9 du service et d\u00e9veloppement de nouveaux formats et produits.<\/p>\n","protected":false},"excerpt":{"rendered":"<p>&nbsp; Le professionnalisme de nos proc\u00e9d\u00e9s de production et la qualit\u00e9 des articles que nous vous proposons sont les bases qui diff\u00e9rencient CUSBOR dans le domaine des fils \u00e0 coudre techniques \u00e0 usage industriel. Avec notre si\u00e8ge social \u00e0 Canovelles (Barcelone), et avec une grande projection internationale, CUSBOR a une longue exp\u00e9rience dans la fabrication et la commercialisation d&rsquo;une large gamme de produits dans plus de 80 pays. La solidit\u00e9 atteinte est le r\u00e9sultat de plus de deux d\u00e9cennies d&rsquo;exp\u00e9rience, et nous sommes une entreprise de r\u00e9f\u00e9rence dans notre secteur industriel. Nous avons une technologie de pointe et une exp\u00e9rience \u00e9prouv\u00e9e qui nous permet de pr\u00e9senter des fils \u00e0 coudre &hellip; <a href=\"https:\/\/cusbor.com\/fr\/empresa\/\" class=\"more-link\">Continuer la lecture de <span class=\"screen-reader-text\">LA SOCI\u00c9T\u00c9<\/span>  <span class=\"meta-nav\">&rarr;<\/span><\/a><\/p>\n","protected":false},"author":1,"featured_media":0,"parent":0,"menu_order":0,"comment_status":"closed","ping_status":"open","template":"","meta":{"_acf_changed":false,"footnotes":""},"class_list":["post-1025","page","type-page","status-publish","hentry"],"acf":[],"aioseo_notices":[],"_links":{"self":[{"href":"https:\/\/cusbor.com\/fr\/wp-json\/wp\/v2\/pages\/1025","targetHints":{"allow":["GET"]}}],"collection":[{"href":"https:\/\/cusbor.com\/fr\/wp-json\/wp\/v2\/pages"}],"about":[{"href":"https:\/\/cusbor.com\/fr\/wp-json\/wp\/v2\/types\/page"}],"author":[{"embeddable":true,"href":"https:\/\/cusbor.com\/fr\/wp-json\/wp\/v2\/users\/1"}],"replies":[{"embeddable":true,"href":"https:\/\/cusbor.com\/fr\/wp-json\/wp\/v2\/comments?post=1025"}],"version-history":[{"count":11,"href":"https:\/\/cusbor.com\/fr\/wp-json\/wp\/v2\/pages\/1025\/revisions"}],"predecessor-version":[{"id":4224,"href":"https:\/\/cusbor.com\/fr\/wp-json\/wp\/v2\/pages\/1025\/revisions\/4224"}],"wp:attachment":[{"href":"https:\/\/cusbor.com\/fr\/wp-json\/wp\/v2\/media?parent=1025"}],"curies":[{"name":"wp","href":"https:\/\/api.w.org\/{rel}","templated":true}]}}