{"id":1031,"date":"2015-03-04T12:53:39","date_gmt":"2015-03-04T12:53:39","guid":{"rendered":"http:\/\/cusbor.com\/fr\/sector\/otros\/"},"modified":"2016-05-19T10:55:37","modified_gmt":"2016-05-19T10:55:37","slug":"autres-usages-industriels","status":"publish","type":"page","link":"https:\/\/cusbor.com\/fr\/industries\/autres-usages-industriels\/","title":{"rendered":"AUTRES USAGES INDUSTRIELS"},"content":{"rendered":"<p>Dans notre ligne d&rsquo;innovation de nos produits et projets, notre d\u00e9partement technique est en \u00e9volution permanente de nouvelles r\u00e9f\u00e9rences qui englobent les diff\u00e9rents usages industriels, comme ceux que nous vous pr\u00e9sentons dans cette section:<\/p>\n","protected":false},"excerpt":{"rendered":"<p>Dans notre ligne d&rsquo;innovation de nos produits et projets, notre d\u00e9partement technique est en \u00e9volution permanente de nouvelles r\u00e9f\u00e9rences qui englobent les diff\u00e9rents usages industriels, comme ceux que nous vous pr\u00e9sentons dans cette section:<\/p>\n","protected":false},"author":1,"featured_media":0,"parent":1017,"menu_order":0,"comment_status":"closed","ping_status":"closed","template":"page-productes.php","meta":{"_acf_changed":false,"footnotes":""},"class_list":["post-1031","page","type-page","status-publish","hentry"],"acf":[],"aioseo_notices":[],"_links":{"self":[{"href":"https:\/\/cusbor.com\/fr\/wp-json\/wp\/v2\/pages\/1031","targetHints":{"allow":["GET"]}}],"collection":[{"href":"https:\/\/cusbor.com\/fr\/wp-json\/wp\/v2\/pages"}],"about":[{"href":"https:\/\/cusbor.com\/fr\/wp-json\/wp\/v2\/types\/page"}],"author":[{"embeddable":true,"href":"https:\/\/cusbor.com\/fr\/wp-json\/wp\/v2\/users\/1"}],"replies":[{"embeddable":true,"href":"https:\/\/cusbor.com\/fr\/wp-json\/wp\/v2\/comments?post=1031"}],"version-history":[{"count":6,"href":"https:\/\/cusbor.com\/fr\/wp-json\/wp\/v2\/pages\/1031\/revisions"}],"predecessor-version":[{"id":1800,"href":"https:\/\/cusbor.com\/fr\/wp-json\/wp\/v2\/pages\/1031\/revisions\/1800"}],"up":[{"embeddable":true,"href":"https:\/\/cusbor.com\/fr\/wp-json\/wp\/v2\/pages\/1017"}],"wp:attachment":[{"href":"https:\/\/cusbor.com\/fr\/wp-json\/wp\/v2\/media?parent=1031"}],"curies":[{"name":"wp","href":"https:\/\/api.w.org\/{rel}","templated":true}]}}