{"id":1033,"date":"2015-03-04T12:52:05","date_gmt":"2015-03-04T12:52:05","guid":{"rendered":"http:\/\/cusbor.com\/fr\/sector\/hilos-de-seguridad\/"},"modified":"2015-07-28T14:11:36","modified_gmt":"2015-07-28T14:11:36","slug":"fils-de-securite","status":"publish","type":"page","link":"https:\/\/cusbor.com\/fr\/industries\/fils-de-securite\/","title":{"rendered":"FILS DE S\u00c9CURIT\u00c9"},"content":{"rendered":"<p>CUSBOR S.L. est une entreprise avec une grande exp\u00e9rience dans la fabrication de fils \u00e0 coudre techniques pour des usages industriels.\u00a0Pour l&rsquo;industrie du reliage nous disposons de tout type de fils pour les machines \u00e0 reliure plus rapides et modernes.<br \/>\nNous pouvons vous offrir un <strong>fil de s\u00e9curit\u00e9 sp\u00e9cial<\/strong> qui peut changer de couleur sous rayonnement UV, sp\u00e9cialement indiqu\u00e9 pour la <strong>fabrication de passeports<\/strong>.<br \/>\nNous disposons de diff\u00e9rents couleurs sous rayonnement UV ainsi que la combinaison de diff\u00e9rentes couleurs sous rayonnement naturel.<br \/>\nNous pouvons vous pr\u00e9parer le fil exact dont vous avez besoin, puisque nous disposons des machines les plus modernes et la meilleure \u00e9quipe humaine afin de r\u00e9aliser le design souhait\u00e9.<\/p>\n<p>Plus d&rsquo;informations: <a href=\"mailto:cusbor@cusbor.com\">cusbor@cusbor.com<\/a><\/p>\n<p>&nbsp;<\/p>\n","protected":false},"excerpt":{"rendered":"<p>CUSBOR S.L. est une entreprise avec une grande exp\u00e9rience dans la fabrication de fils \u00e0 coudre techniques pour des usages industriels.\u00a0Pour l&rsquo;industrie du reliage nous disposons de tout type de fils pour les machines \u00e0 reliure plus rapides et modernes. Nous pouvons vous offrir un fil de s\u00e9curit\u00e9 sp\u00e9cial qui peut changer de couleur sous rayonnement UV, sp\u00e9cialement indiqu\u00e9 pour la fabrication de passeports. Nous disposons de diff\u00e9rents couleurs sous rayonnement UV ainsi que la combinaison de diff\u00e9rentes couleurs sous rayonnement naturel. Nous pouvons vous pr\u00e9parer le fil exact dont vous avez besoin, puisque nous disposons des machines les plus modernes et la meilleure \u00e9quipe humaine afin de r\u00e9aliser le &hellip; <a href=\"https:\/\/cusbor.com\/fr\/industries\/fils-de-securite\/\" class=\"more-link\">Continuer la lecture de <span class=\"screen-reader-text\">FILS DE S\u00c9CURIT\u00c9<\/span>  <span class=\"meta-nav\">&rarr;<\/span><\/a><\/p>\n","protected":false},"author":1,"featured_media":0,"parent":1017,"menu_order":0,"comment_status":"closed","ping_status":"closed","template":"page-productes.php","meta":{"_acf_changed":false,"footnotes":""},"class_list":["post-1033","page","type-page","status-publish","hentry"],"acf":[],"aioseo_notices":[],"_links":{"self":[{"href":"https:\/\/cusbor.com\/fr\/wp-json\/wp\/v2\/pages\/1033","targetHints":{"allow":["GET"]}}],"collection":[{"href":"https:\/\/cusbor.com\/fr\/wp-json\/wp\/v2\/pages"}],"about":[{"href":"https:\/\/cusbor.com\/fr\/wp-json\/wp\/v2\/types\/page"}],"author":[{"embeddable":true,"href":"https:\/\/cusbor.com\/fr\/wp-json\/wp\/v2\/users\/1"}],"replies":[{"embeddable":true,"href":"https:\/\/cusbor.com\/fr\/wp-json\/wp\/v2\/comments?post=1033"}],"version-history":[{"count":2,"href":"https:\/\/cusbor.com\/fr\/wp-json\/wp\/v2\/pages\/1033\/revisions"}],"predecessor-version":[{"id":1256,"href":"https:\/\/cusbor.com\/fr\/wp-json\/wp\/v2\/pages\/1033\/revisions\/1256"}],"up":[{"embeddable":true,"href":"https:\/\/cusbor.com\/fr\/wp-json\/wp\/v2\/pages\/1017"}],"wp:attachment":[{"href":"https:\/\/cusbor.com\/fr\/wp-json\/wp\/v2\/media?parent=1033"}],"curies":[{"name":"wp","href":"https:\/\/api.w.org\/{rel}","templated":true}]}}